{"id":546,"date":"2025-01-09T17:19:54","date_gmt":"2025-01-09T16:19:54","guid":{"rendered":"https:\/\/stepchange.be\/?page_id=546"},"modified":"2025-12-10T08:21:41","modified_gmt":"2025-12-10T07:21:41","slug":"politique-des-cookies","status":"publish","type":"page","link":"https:\/\/stepchange.be\/nl\/politique-des-cookies\/","title":{"rendered":"COOKIEBELEID"},"content":{"rendered":"<div data-elementor-type=\"wp-page\" data-elementor-id=\"546\" class=\"elementor elementor-546\" data-elementor-post-type=\"page\">\n\t\t\t\t<div class=\"elementor-element elementor-element-b3bc25e e-flex e-con-boxed e-con e-parent\" data-id=\"b3bc25e\" data-element_type=\"container\" data-e-type=\"container\" data-settings=\"{&quot;background_background&quot;:&quot;classic&quot;}\">\n\t\t\t\t\t<div class=\"e-con-inner\">\n\t\t\t\t<div class=\"elementor-element elementor-element-1b6fe59 elementor-widget elementor-widget-heading\" data-id=\"1b6fe59\" data-element_type=\"widget\" data-e-type=\"widget\" data-widget_type=\"heading.default\">\n\t\t\t\t<div class=\"elementor-widget-container\">\n\t\t\t\t\t<h1 class=\"elementor-heading-title elementor-size-default\">COOKIEBELEID<\/h1>\t\t\t\t<\/div>\n\t\t\t\t<\/div>\n\t\t\t\t\t<\/div>\n\t\t\t\t<\/div>\n\t\t<div class=\"elementor-element elementor-element-316e85d e-flex e-con-boxed e-con e-parent\" data-id=\"316e85d\" data-element_type=\"container\" data-e-type=\"container\">\n\t\t\t\t\t<div class=\"e-con-inner\">\n\t\t\t\t<div class=\"elementor-element elementor-element-9678714 elementor-widget elementor-widget-heading\" data-id=\"9678714\" data-element_type=\"widget\" data-e-type=\"widget\" data-widget_type=\"heading.default\">\n\t\t\t\t<div class=\"elementor-widget-container\">\n\t\t\t\t\t<h2 class=\"elementor-heading-title elementor-size-default\">1. Wat is een cookie?<\/h2>\t\t\t\t<\/div>\n\t\t\t\t<\/div>\n\t\t\t\t<div class=\"elementor-element elementor-element-7ebb987 elementor-widget elementor-widget-text-editor\" data-id=\"7ebb987\" data-element_type=\"widget\" data-e-type=\"widget\" data-widget_type=\"text-editor.default\">\n\t\t\t\t<div class=\"elementor-widget-container\">\n\t\t\t\t\t\t\t\t\t<p>Een cookie is een klein tekstbestand dat op de harde schijf van uw computer of mobiele apparaat wordt geplaatst wanneer u een website bezoekt. De cookie wordt door de website op uw apparaat geplaatst. De cookie herkent uw apparaat wanneer u terugkeert naar de site aan de hand van een uniek identificatienummer en verzamelt informatie over uw surfgedrag.<\/p>\t\t\t\t\t\t\t\t<\/div>\n\t\t\t\t<\/div>\n\t\t\t\t\t<\/div>\n\t\t\t\t<\/div>\n\t\t<div class=\"elementor-element elementor-element-ed698cc e-flex e-con-boxed e-con e-parent\" data-id=\"ed698cc\" data-element_type=\"container\" data-e-type=\"container\">\n\t\t\t\t\t<div class=\"e-con-inner\">\n\t\t\t\t<div class=\"elementor-element elementor-element-6302526 elementor-widget elementor-widget-heading\" data-id=\"6302526\" data-element_type=\"widget\" data-e-type=\"widget\" data-widget_type=\"heading.default\">\n\t\t\t\t<div class=\"elementor-widget-container\">\n\t\t\t\t\t<h2 class=\"elementor-heading-title elementor-size-default\">2. Doel en gebruik van cookies<\/h2>\t\t\t\t<\/div>\n\t\t\t\t<\/div>\n\t\t\t\t<div class=\"elementor-element elementor-element-78038fe elementor-widget elementor-widget-text-editor\" data-id=\"78038fe\" data-element_type=\"widget\" data-e-type=\"widget\" data-widget_type=\"text-editor.default\">\n\t\t\t\t<div class=\"elementor-widget-container\">\n\t\t\t\t\t\t\t\t\t<p>Door onze website of software te bezoeken, accepteert u uitdrukkelijk het gebruik van cookies. Wij gebruiken cookies om uw bezoek aan onze website te verbeteren en u een optimale gebruikerservaring te bieden. U kunt cookies echter op elk gewenst moment verwijderen of beperken door uw browserinstellingen te wijzigen (zie \u00abHoe beheer ik mijn cookies?\u00bb).<\/p><p>Het uitschakelen van cookies kan de werking van de website be\u00efnvloeden. Bepaalde functies van de website kunnen beperkt of ontoegankelijk zijn. Als u besluit cookies te deactiveren, kunnen wij u geen soepel en optimaal bezoek aan onze website garanderen.<\/p>\t\t\t\t\t\t\t\t<\/div>\n\t\t\t\t<\/div>\n\t\t\t\t\t<\/div>\n\t\t\t\t<\/div>\n\t\t<div class=\"elementor-element elementor-element-a128032 e-flex e-con-boxed e-con e-parent\" data-id=\"a128032\" data-element_type=\"container\" data-e-type=\"container\">\n\t\t\t\t\t<div class=\"e-con-inner\">\n\t\t\t\t<div class=\"elementor-element elementor-element-ec8a4e0 elementor-widget elementor-widget-heading\" data-id=\"ec8a4e0\" data-element_type=\"widget\" data-e-type=\"widget\" data-widget_type=\"heading.default\">\n\t\t\t\t<div class=\"elementor-widget-container\">\n\t\t\t\t\t<h2 class=\"elementor-heading-title elementor-size-default\">3. Welke soorten cookies? <\/h2>\t\t\t\t<\/div>\n\t\t\t\t<\/div>\n\t\t\t\t<div class=\"elementor-element elementor-element-8acaff8 elementor-widget elementor-widget-text-editor\" data-id=\"8acaff8\" data-element_type=\"widget\" data-e-type=\"widget\" data-widget_type=\"text-editor.default\">\n\t\t\t\t<div class=\"elementor-widget-container\">\n\t\t\t\t\t\t\t\t\t<p>We onderscheiden verschillende soorten cookies, afhankelijk van hun doel:<\/p><ul style=\"list-style-type: square;\"><li>Essenti\u00eble cookies :<br \/>Deze cookies zijn strikt noodzakelijk voor de werking van onze website en kunnen niet worden gedeactiveerd in onze systemen. Ze worden op uw computer geplaatst als reactie op bepaalde handelingen, zoals uw privacyinstellingen, uw verbinding met onze website of het indienen van een formulier.<\/li><li>Niet-essenti\u00eble cookies :<br \/>Deze cookies zijn niet noodzakelijk voor de werking van onze website, maar stellen ons in staat u een verbeterde en gepersonaliseerde gebruikerservaring te bieden.<br \/>- Functionele cookies :<br \/>Met deze cookies kunnen we u toegang geven tot meer functies en uw gebruikerservaring personaliseren.<br \/>- Analytische cookies :<br \/>Met deze cookies kunnen we bezoeken en verkeer op onze website bijhouden om de prestaties ervan te meten en te verbeteren. Dankzij deze cookies weten we welke pagina's het meest of minst populair zijn en hoe bezoekers zich op de site bewegen.<br \/>- Advertentiecookies :<br \/>Deze cookies worden op onze website geplaatst door onze reclamepartners. De verzamelde informatie kan door deze partners worden gebruikt om een profiel van uw interesses op te stellen en u gerichte reclame op andere websites te tonen.<\/li><\/ul><p>\u00a0<\/p><p>Hieronder volgt een lijst met cookies die tijdens uw bezoek op uw harde schijf kunnen worden ge\u00efnstalleerd:\u00a0<\/p><table style=\"border-collapse: collapse; width: 100%;\"><tbody><tr><td style=\"width: 100%;\"><p>https:\/\/stepchange.be\/<\/p><\/td><\/tr><\/tbody><\/table><table style=\"border-collapse: collapse; width: 100%;\"><tbody><tr><td style=\"width: 33.3333%;\">Naam<\/td><td style=\"width: 33.3333%;\">Type<\/td><td style=\"width: 33.3333%;\">Geldigheidsduur<\/td><\/tr><tr><td style=\"width: 33.3333%;\">_gid<\/td><td style=\"width: 33.3333%;\">Analytisch<\/td><td style=\"width: 33.3333%;\">24h<\/td><\/tr><tr><td style=\"width: 33.3333%;\">_ga<\/td><td style=\"width: 33.3333%;\">Analytisch<\/td><td style=\"width: 33.3333%;\">2 jaar<\/td><\/tr><\/tbody><\/table><p>\u00a0<\/p><table style=\"border-collapse: collapse; width: 100%; height: 24px;\"><tbody><tr style=\"height: 24px;\"><td style=\"width: 100%; height: 24px;\">https:\/\/www.stepchangemodel.com\/<\/td><\/tr><\/tbody><\/table><table style=\"border-collapse: collapse; width: 100%;\"><tbody><tr><td style=\"width: 33.3333%;\">Naam<\/td><td style=\"width: 33.3333%;\">Type<\/td><td style=\"width: 33.3333%;\">Geldigheidsduur<\/td><\/tr><tr><td style=\"width: 33.3333%;\">PHPSESSID<\/td><td style=\"width: 33.3333%;\">Essentieel<\/td><td style=\"width: 33.3333%;\">Sessie<\/td><\/tr><\/tbody><\/table>\t\t\t\t\t\t\t\t<\/div>\n\t\t\t\t<\/div>\n\t\t\t\t\t<\/div>\n\t\t\t\t<\/div>\n\t\t<div class=\"elementor-element elementor-element-2c33305 e-flex e-con-boxed e-con e-parent\" data-id=\"2c33305\" data-element_type=\"container\" data-e-type=\"container\">\n\t\t\t\t\t<div class=\"e-con-inner\">\n\t\t\t\t<div class=\"elementor-element elementor-element-1d3d457 elementor-widget elementor-widget-heading\" data-id=\"1d3d457\" data-element_type=\"widget\" data-e-type=\"widget\" data-widget_type=\"heading.default\">\n\t\t\t\t<div class=\"elementor-widget-container\">\n\t\t\t\t\t<h2 class=\"elementor-heading-title elementor-size-default\">4. Hoe beheer ik mijn cookies?<\/h2>\t\t\t\t<\/div>\n\t\t\t\t<\/div>\n\t\t\t\t<div class=\"elementor-element elementor-element-9139874 elementor-widget elementor-widget-text-editor\" data-id=\"9139874\" data-element_type=\"widget\" data-e-type=\"widget\" data-widget_type=\"text-editor.default\">\n\t\t\t\t<div class=\"elementor-widget-container\">\n\t\t\t\t\t\t\t\t\t<p>Om cookies in of uit te schakelen, moet u de instellingen van uw browser wijzigen (via het tabblad \u00abvoorkeuren\u00bb of \u00abopties\u00bb). U kunt ook het tabblad \u00abhelp\u00bb van uw browser raadplegen.<\/p>\t\t\t\t\t\t\t\t<\/div>\n\t\t\t\t<\/div>\n\t\t\t\t\t<\/div>\n\t\t\t\t<\/div>\n\t\t<div class=\"elementor-element elementor-element-260840f e-flex e-con-boxed e-con e-parent\" data-id=\"260840f\" data-element_type=\"container\" data-e-type=\"container\">\n\t\t\t\t\t<div class=\"e-con-inner\">\n\t\t\t\t<div class=\"elementor-element elementor-element-5aa4a8d elementor-widget elementor-widget-heading\" data-id=\"5aa4a8d\" data-element_type=\"widget\" data-e-type=\"widget\" data-widget_type=\"heading.default\">\n\t\t\t\t<div class=\"elementor-widget-container\">\n\t\t\t\t\t<h2 class=\"elementor-heading-title elementor-size-default\">5. Privacybeleid<\/h2>\t\t\t\t<\/div>\n\t\t\t\t<\/div>\n\t\t\t\t<div class=\"elementor-element elementor-element-2b05d0a elementor-widget elementor-widget-text-editor\" data-id=\"2b05d0a\" data-element_type=\"widget\" data-e-type=\"widget\" data-widget_type=\"text-editor.default\">\n\t\t\t\t<div class=\"elementor-widget-container\">\n\t\t\t\t\t\t\t\t\t<p>We nodigen u uit om ons Privacybeleid te raadplegen, dat beschikbaar is op onze website en op<br \/>platform.<\/p>\t\t\t\t\t\t\t\t<\/div>\n\t\t\t\t<\/div>\n\t\t\t\t\t<\/div>\n\t\t\t\t<\/div>\n\t\t<div class=\"elementor-element elementor-element-5181c5d e-flex e-con-boxed e-con e-parent\" data-id=\"5181c5d\" data-element_type=\"container\" data-e-type=\"container\">\n\t\t\t\t\t<div class=\"e-con-inner\">\n\t\t\t\t<div class=\"elementor-element elementor-element-848ec68 elementor-widget elementor-widget-heading\" data-id=\"848ec68\" data-element_type=\"widget\" data-e-type=\"widget\" data-widget_type=\"heading.default\">\n\t\t\t\t<div class=\"elementor-widget-container\">\n\t\t\t\t\t<h2 class=\"elementor-heading-title elementor-size-default\">6. Neem contact op met<\/h2>\t\t\t\t<\/div>\n\t\t\t\t<\/div>\n\t\t\t\t<div class=\"elementor-element elementor-element-ded0e41 elementor-widget elementor-widget-text-editor\" data-id=\"ded0e41\" data-element_type=\"widget\" data-e-type=\"widget\" data-widget_type=\"text-editor.default\">\n\t\t\t\t<div class=\"elementor-widget-container\">\n\t\t\t\t\t\t\t\t\t<p>Als je na het lezen van dit document nog vragen en\/of opmerkingen hebt over het gebruik van cookies, aarzel dan niet om contact met ons op te nemen via e-mail op info@stepchange.be.<\/p>\t\t\t\t\t\t\t\t<\/div>\n\t\t\t\t<\/div>\n\t\t\t\t\t<\/div>\n\t\t\t\t<\/div>\n\t\t\t\t<\/div>","protected":false},"excerpt":{"rendered":"<p>POLITIQUE DES COOKIES 1. Qu\u2019est-ce qu\u2019un cookie ? Un cookie est un petit ficher texte plac\u00e9 sur le disque dur de votre ordinateur ou de votre appareil mobile lorsque vous visitez un site internet. Le cookie est d\u00e9pos\u00e9 sur votre appareil par le site internet. Le cookie reconna\u00eet votre appareil lorsque vous revenez sur le [&hellip;]<\/p>\n","protected":false},"author":1,"featured_media":0,"parent":0,"menu_order":0,"comment_status":"closed","ping_status":"closed","template":"","meta":{"_acf_changed":false,"footnotes":""},"class_list":["post-546","page","type-page","status-publish","hentry"],"acf":[],"yoast_head":"<!-- This site is optimized with the Yoast SEO plugin v27.5 - https:\/\/yoast.com\/product\/yoast-seo-wordpress\/ -->\n<title>Cookie Policy - StepChange - Your Privacy and Security<\/title>\n<meta name=\"description\" content=\"Read StepChange&#039;s Cookie Policy to understand how we use cookies to enhance your online experience and protect your privacy\" \/>\n<meta name=\"robots\" content=\"index, follow, max-snippet:-1, max-image-preview:large, max-video-preview:-1\" \/>\n<link rel=\"canonical\" href=\"https:\/\/stepchange.be\/nl\/politique-des-cookies\/\" \/>\n<meta property=\"og:locale\" content=\"nl_BE\" \/>\n<meta property=\"og:type\" content=\"article\" \/>\n<meta property=\"og:title\" content=\"Cookie Policy - StepChange - Your Privacy and Security\" \/>\n<meta property=\"og:description\" content=\"Read StepChange&#039;s Cookie Policy to understand how we use cookies to enhance your online experience and protect your privacy\" \/>\n<meta property=\"og:url\" content=\"https:\/\/stepchange.be\/nl\/politique-des-cookies\/\" \/>\n<meta property=\"og:site_name\" content=\"StepChange\" \/>\n<meta property=\"article:modified_time\" content=\"2025-12-10T07:21:41+00:00\" \/>\n<meta name=\"twitter:card\" content=\"summary_large_image\" \/>\n<meta name=\"twitter:label1\" content=\"Geschatte leestijd\" \/>\n\t<meta name=\"twitter:data1\" content=\"3 minuten\" \/>\n<script type=\"application\/ld+json\" class=\"yoast-schema-graph\">{\"@context\":\"https:\\\/\\\/schema.org\",\"@graph\":[{\"@type\":\"WebPage\",\"@id\":\"https:\\\/\\\/stepchange.be\\\/politique-des-cookies\\\/\",\"url\":\"https:\\\/\\\/stepchange.be\\\/politique-des-cookies\\\/\",\"name\":\"Cookie Policy - StepChange - Your Privacy and Security\",\"isPartOf\":{\"@id\":\"https:\\\/\\\/stepchange.be\\\/#website\"},\"datePublished\":\"2025-01-09T16:19:54+00:00\",\"dateModified\":\"2025-12-10T07:21:41+00:00\",\"description\":\"Read StepChange's Cookie Policy to understand how we use cookies to enhance your online experience and protect your privacy\",\"breadcrumb\":{\"@id\":\"https:\\\/\\\/stepchange.be\\\/politique-des-cookies\\\/#breadcrumb\"},\"inLanguage\":\"nl-BE\",\"potentialAction\":[{\"@type\":\"ReadAction\",\"target\":[\"https:\\\/\\\/stepchange.be\\\/politique-des-cookies\\\/\"]}]},{\"@type\":\"BreadcrumbList\",\"@id\":\"https:\\\/\\\/stepchange.be\\\/politique-des-cookies\\\/#breadcrumb\",\"itemListElement\":[{\"@type\":\"ListItem\",\"position\":1,\"name\":\"Accueil\",\"item\":\"https:\\\/\\\/stepchange.be\\\/\"},{\"@type\":\"ListItem\",\"position\":2,\"name\":\"POLITIQUE DES COOKIES\"}]},{\"@type\":\"WebSite\",\"@id\":\"https:\\\/\\\/stepchange.be\\\/#website\",\"url\":\"https:\\\/\\\/stepchange.be\\\/\",\"name\":\"StepChange\",\"description\":\"\",\"publisher\":{\"@id\":\"https:\\\/\\\/stepchange.be\\\/#organization\"},\"potentialAction\":[{\"@type\":\"SearchAction\",\"target\":{\"@type\":\"EntryPoint\",\"urlTemplate\":\"https:\\\/\\\/stepchange.be\\\/?s={search_term_string}\"},\"query-input\":{\"@type\":\"PropertyValueSpecification\",\"valueRequired\":true,\"valueName\":\"search_term_string\"}}],\"inLanguage\":\"nl-BE\"},{\"@type\":\"Organization\",\"@id\":\"https:\\\/\\\/stepchange.be\\\/#organization\",\"name\":\"StepChange\",\"url\":\"https:\\\/\\\/stepchange.be\\\/\",\"logo\":{\"@type\":\"ImageObject\",\"inLanguage\":\"nl-BE\",\"@id\":\"https:\\\/\\\/stepchange.be\\\/#\\\/schema\\\/logo\\\/image\\\/\",\"url\":\"https:\\\/\\\/stepchange.be\\\/wp-content\\\/uploads\\\/2025\\\/01\\\/cropped-Logo_Stepchange_couleurs.png\",\"contentUrl\":\"https:\\\/\\\/stepchange.be\\\/wp-content\\\/uploads\\\/2025\\\/01\\\/cropped-Logo_Stepchange_couleurs.png\",\"width\":2048,\"height\":476,\"caption\":\"StepChange\"},\"image\":{\"@id\":\"https:\\\/\\\/stepchange.be\\\/#\\\/schema\\\/logo\\\/image\\\/\"}}]}<\/script>\n<!-- \/ Yoast SEO plugin. -->","yoast_head_json":{"title":"Cookiebeleid - StepChange - Uw privacy en veiligheid","description":"Lees StepChange's Cookiebeleid om te begrijpen hoe wij cookies gebruiken om uw online ervaring te verbeteren en uw privacy te beschermen.","robots":{"index":"index","follow":"follow","max-snippet":"max-snippet:-1","max-image-preview":"max-image-preview:large","max-video-preview":"max-video-preview:-1"},"canonical":"https:\/\/stepchange.be\/nl\/politique-des-cookies\/","og_locale":"nl_BE","og_type":"article","og_title":"Cookie Policy - StepChange - Your Privacy and Security","og_description":"Read StepChange's Cookie Policy to understand how we use cookies to enhance your online experience and protect your privacy","og_url":"https:\/\/stepchange.be\/nl\/politique-des-cookies\/","og_site_name":"StepChange","article_modified_time":"2025-12-10T07:21:41+00:00","twitter_card":"summary_large_image","twitter_misc":{"Geschatte leestijd":"3 minuten"},"schema":{"@context":"https:\/\/schema.org","@graph":[{"@type":"WebPage","@id":"https:\/\/stepchange.be\/politique-des-cookies\/","url":"https:\/\/stepchange.be\/politique-des-cookies\/","name":"Cookiebeleid - StepChange - Uw privacy en veiligheid","isPartOf":{"@id":"https:\/\/stepchange.be\/#website"},"datePublished":"2025-01-09T16:19:54+00:00","dateModified":"2025-12-10T07:21:41+00:00","description":"Lees StepChange's Cookiebeleid om te begrijpen hoe wij cookies gebruiken om uw online ervaring te verbeteren en uw privacy te beschermen.","breadcrumb":{"@id":"https:\/\/stepchange.be\/politique-des-cookies\/#breadcrumb"},"inLanguage":"nl-BE","potentialAction":[{"@type":"ReadAction","target":["https:\/\/stepchange.be\/politique-des-cookies\/"]}]},{"@type":"BreadcrumbList","@id":"https:\/\/stepchange.be\/politique-des-cookies\/#breadcrumb","itemListElement":[{"@type":"ListItem","position":1,"name":"Accueil","item":"https:\/\/stepchange.be\/"},{"@type":"ListItem","position":2,"name":"POLITIQUE DES COOKIES"}]},{"@type":"WebSite","@id":"https:\/\/stepchange.be\/#website","url":"https:\/\/stepchange.be\/","name":"StepChange","description":"","publisher":{"@id":"https:\/\/stepchange.be\/#organization"},"potentialAction":[{"@type":"SearchAction","target":{"@type":"EntryPoint","urlTemplate":"https:\/\/stepchange.be\/?s={search_term_string}"},"query-input":{"@type":"PropertyValueSpecification","valueRequired":true,"valueName":"search_term_string"}}],"inLanguage":"nl-BE"},{"@type":"Organization","@id":"https:\/\/stepchange.be\/#organization","name":"StepChange","url":"https:\/\/stepchange.be\/","logo":{"@type":"ImageObject","inLanguage":"nl-BE","@id":"https:\/\/stepchange.be\/#\/schema\/logo\/image\/","url":"https:\/\/stepchange.be\/wp-content\/uploads\/2025\/01\/cropped-Logo_Stepchange_couleurs.png","contentUrl":"https:\/\/stepchange.be\/wp-content\/uploads\/2025\/01\/cropped-Logo_Stepchange_couleurs.png","width":2048,"height":476,"caption":"StepChange"},"image":{"@id":"https:\/\/stepchange.be\/#\/schema\/logo\/image\/"}}]}},"_links":{"self":[{"href":"https:\/\/stepchange.be\/nl\/wp-json\/wp\/v2\/pages\/546","targetHints":{"allow":["GET"]}}],"collection":[{"href":"https:\/\/stepchange.be\/nl\/wp-json\/wp\/v2\/pages"}],"about":[{"href":"https:\/\/stepchange.be\/nl\/wp-json\/wp\/v2\/types\/page"}],"author":[{"embeddable":true,"href":"https:\/\/stepchange.be\/nl\/wp-json\/wp\/v2\/users\/1"}],"replies":[{"embeddable":true,"href":"https:\/\/stepchange.be\/nl\/wp-json\/wp\/v2\/comments?post=546"}],"version-history":[{"count":11,"href":"https:\/\/stepchange.be\/nl\/wp-json\/wp\/v2\/pages\/546\/revisions"}],"predecessor-version":[{"id":668,"href":"https:\/\/stepchange.be\/nl\/wp-json\/wp\/v2\/pages\/546\/revisions\/668"}],"wp:attachment":[{"href":"https:\/\/stepchange.be\/nl\/wp-json\/wp\/v2\/media?parent=546"}],"curies":[{"name":"wp","href":"https:\/\/api.w.org\/{rel}","templated":true}]}}