{"id":546,"date":"2025-01-09T17:19:54","date_gmt":"2025-01-09T16:19:54","guid":{"rendered":"https:\/\/stepchange.be\/?page_id=546"},"modified":"2025-12-10T08:21:41","modified_gmt":"2025-12-10T07:21:41","slug":"politique-des-cookies","status":"publish","type":"page","link":"https:\/\/stepchange.be\/en\/politique-des-cookies\/","title":{"rendered":"COOKIE POLICY"},"content":{"rendered":"<div data-elementor-type=\"wp-page\" data-elementor-id=\"546\" class=\"elementor elementor-546\" data-elementor-post-type=\"page\">\n\t\t\t\t<div class=\"elementor-element elementor-element-b3bc25e e-flex e-con-boxed e-con e-parent\" data-id=\"b3bc25e\" data-element_type=\"container\" data-e-type=\"container\" data-settings=\"{&quot;background_background&quot;:&quot;classic&quot;}\">\n\t\t\t\t\t<div class=\"e-con-inner\">\n\t\t\t\t<div class=\"elementor-element elementor-element-1b6fe59 elementor-widget elementor-widget-heading\" data-id=\"1b6fe59\" data-element_type=\"widget\" data-e-type=\"widget\" data-widget_type=\"heading.default\">\n\t\t\t\t<div class=\"elementor-widget-container\">\n\t\t\t\t\t<h1 class=\"elementor-heading-title elementor-size-default\">COOKIE POLICY<\/h1>\t\t\t\t<\/div>\n\t\t\t\t<\/div>\n\t\t\t\t\t<\/div>\n\t\t\t\t<\/div>\n\t\t<div class=\"elementor-element elementor-element-316e85d e-flex e-con-boxed e-con e-parent\" data-id=\"316e85d\" data-element_type=\"container\" data-e-type=\"container\">\n\t\t\t\t\t<div class=\"e-con-inner\">\n\t\t\t\t<div class=\"elementor-element elementor-element-9678714 elementor-widget elementor-widget-heading\" data-id=\"9678714\" data-element_type=\"widget\" data-e-type=\"widget\" data-widget_type=\"heading.default\">\n\t\t\t\t<div class=\"elementor-widget-container\">\n\t\t\t\t\t<h2 class=\"elementor-heading-title elementor-size-default\">1. What is a cookie?<\/h2>\t\t\t\t<\/div>\n\t\t\t\t<\/div>\n\t\t\t\t<div class=\"elementor-element elementor-element-7ebb987 elementor-widget elementor-widget-text-editor\" data-id=\"7ebb987\" data-element_type=\"widget\" data-e-type=\"widget\" data-widget_type=\"text-editor.default\">\n\t\t\t\t<div class=\"elementor-widget-container\">\n\t\t\t\t\t\t\t\t\t<p>A cookie is a small text file placed on the hard drive of your computer or mobile device when you visit a website. The cookie is deposited on your device by the website. The cookie recognises your device when you return to the site by means of a unique identification number and collects information about your browsing.<\/p>\t\t\t\t\t\t\t\t<\/div>\n\t\t\t\t<\/div>\n\t\t\t\t\t<\/div>\n\t\t\t\t<\/div>\n\t\t<div class=\"elementor-element elementor-element-ed698cc e-flex e-con-boxed e-con e-parent\" data-id=\"ed698cc\" data-element_type=\"container\" data-e-type=\"container\">\n\t\t\t\t\t<div class=\"e-con-inner\">\n\t\t\t\t<div class=\"elementor-element elementor-element-6302526 elementor-widget elementor-widget-heading\" data-id=\"6302526\" data-element_type=\"widget\" data-e-type=\"widget\" data-widget_type=\"heading.default\">\n\t\t\t\t<div class=\"elementor-widget-container\">\n\t\t\t\t\t<h2 class=\"elementor-heading-title elementor-size-default\">2. Purpose and use of cookies<\/h2>\t\t\t\t<\/div>\n\t\t\t\t<\/div>\n\t\t\t\t<div class=\"elementor-element elementor-element-78038fe elementor-widget elementor-widget-text-editor\" data-id=\"78038fe\" data-element_type=\"widget\" data-e-type=\"widget\" data-widget_type=\"text-editor.default\">\n\t\t\t\t<div class=\"elementor-widget-container\">\n\t\t\t\t\t\t\t\t\t<p>By browsing our website or software, you expressly accept the use of cookies. We use cookies to enhance your visit to our website and provide you with an optimal user experience. However, you are free to delete or limit cookies at any time by changing your browser settings (see \u00abHow do I manage my cookies?\u00bb).<\/p><p>Deactivating cookies may affect the operation of the website. Certain functions of the website may be limited or inaccessible. If you decide to deactivate cookies, we will not be able to guarantee you a smooth and optimal visit to our website.<\/p>\t\t\t\t\t\t\t\t<\/div>\n\t\t\t\t<\/div>\n\t\t\t\t\t<\/div>\n\t\t\t\t<\/div>\n\t\t<div class=\"elementor-element elementor-element-a128032 e-flex e-con-boxed e-con e-parent\" data-id=\"a128032\" data-element_type=\"container\" data-e-type=\"container\">\n\t\t\t\t\t<div class=\"e-con-inner\">\n\t\t\t\t<div class=\"elementor-element elementor-element-ec8a4e0 elementor-widget elementor-widget-heading\" data-id=\"ec8a4e0\" data-element_type=\"widget\" data-e-type=\"widget\" data-widget_type=\"heading.default\">\n\t\t\t\t<div class=\"elementor-widget-container\">\n\t\t\t\t\t<h2 class=\"elementor-heading-title elementor-size-default\">3. What types of cookies? <\/h2>\t\t\t\t<\/div>\n\t\t\t\t<\/div>\n\t\t\t\t<div class=\"elementor-element elementor-element-8acaff8 elementor-widget elementor-widget-text-editor\" data-id=\"8acaff8\" data-element_type=\"widget\" data-e-type=\"widget\" data-widget_type=\"text-editor.default\">\n\t\t\t\t<div class=\"elementor-widget-container\">\n\t\t\t\t\t\t\t\t\t<p>We distinguish between several types of cookies, depending on their purpose:<\/p><ul style=\"list-style-type: square;\"><li>Essential cookies :<br \/>These cookies are strictly necessary for the operation of our website and cannot be deactivated in our systems. They are placed on your computer in response to certain actions, such as your privacy settings, logging on to our website or sending a form.<\/li><li>Non-essential cookies :<br \/>These cookies are not necessary for the operation of our website but enable us to offer you an improved and personalised user experience.<br \/>- Functional cookies :<br \/>These cookies enable us to give you access to more functions and to personalise your user experience.<br \/>- Analytical cookies :<br \/>These cookies enable us to track visits and traffic on our website in order to measure and improve its performance. These cookies enable us to find out which pages are the most or least popular and how visitors move around the site.<br \/>- Advertising cookies :<br \/>These cookies are placed on our website by our advertising partners. The information collected may be used by these partners to create a profile of your interests and to show you targeted advertising on other websites.<\/li><\/ul><p>\u00a0<\/p><p>The following is a list of the cookies that may be installed on your hard drive during your visit:\u00a0<\/p><table style=\"border-collapse: collapse; width: 100%;\"><tbody><tr><td style=\"width: 100%;\"><p>https:\/\/stepchange.be\/<\/p><\/td><\/tr><\/tbody><\/table><table style=\"border-collapse: collapse; width: 100%;\"><tbody><tr><td style=\"width: 33.3333%;\">Name<\/td><td style=\"width: 33.3333%;\">Type<\/td><td style=\"width: 33.3333%;\">Period of validity<\/td><\/tr><tr><td style=\"width: 33.3333%;\">_gid<\/td><td style=\"width: 33.3333%;\">Analytical<\/td><td style=\"width: 33.3333%;\">24h<\/td><\/tr><tr><td style=\"width: 33.3333%;\">_ga<\/td><td style=\"width: 33.3333%;\">Analytical<\/td><td style=\"width: 33.3333%;\">2 years<\/td><\/tr><\/tbody><\/table><p>\u00a0<\/p><table style=\"border-collapse: collapse; width: 100%; height: 24px;\"><tbody><tr style=\"height: 24px;\"><td style=\"width: 100%; height: 24px;\">https:\/\/www.stepchangemodel.com\/<\/td><\/tr><\/tbody><\/table><table style=\"border-collapse: collapse; width: 100%;\"><tbody><tr><td style=\"width: 33.3333%;\">Name<\/td><td style=\"width: 33.3333%;\">Type<\/td><td style=\"width: 33.3333%;\">Period of validity<\/td><\/tr><tr><td style=\"width: 33.3333%;\">PHPSESSID<\/td><td style=\"width: 33.3333%;\">Essential<\/td><td style=\"width: 33.3333%;\">Session<\/td><\/tr><\/tbody><\/table>\t\t\t\t\t\t\t\t<\/div>\n\t\t\t\t<\/div>\n\t\t\t\t\t<\/div>\n\t\t\t\t<\/div>\n\t\t<div class=\"elementor-element elementor-element-2c33305 e-flex e-con-boxed e-con e-parent\" data-id=\"2c33305\" data-element_type=\"container\" data-e-type=\"container\">\n\t\t\t\t\t<div class=\"e-con-inner\">\n\t\t\t\t<div class=\"elementor-element elementor-element-1d3d457 elementor-widget elementor-widget-heading\" data-id=\"1d3d457\" data-element_type=\"widget\" data-e-type=\"widget\" data-widget_type=\"heading.default\">\n\t\t\t\t<div class=\"elementor-widget-container\">\n\t\t\t\t\t<h2 class=\"elementor-heading-title elementor-size-default\">4. How do I manage my cookies?<\/h2>\t\t\t\t<\/div>\n\t\t\t\t<\/div>\n\t\t\t\t<div class=\"elementor-element elementor-element-9139874 elementor-widget elementor-widget-text-editor\" data-id=\"9139874\" data-element_type=\"widget\" data-e-type=\"widget\" data-widget_type=\"text-editor.default\">\n\t\t\t\t<div class=\"elementor-widget-container\">\n\t\t\t\t\t\t\t\t\t<p>To enable or disable cookies, you need to change your browser settings (via the \u00abpreferences\u00bb or \u00aboptions\u00bb tab). You can also consult your browser's \u00abhelp\u00bb tab.<\/p>\t\t\t\t\t\t\t\t<\/div>\n\t\t\t\t<\/div>\n\t\t\t\t\t<\/div>\n\t\t\t\t<\/div>\n\t\t<div class=\"elementor-element elementor-element-260840f e-flex e-con-boxed e-con e-parent\" data-id=\"260840f\" data-element_type=\"container\" data-e-type=\"container\">\n\t\t\t\t\t<div class=\"e-con-inner\">\n\t\t\t\t<div class=\"elementor-element elementor-element-5aa4a8d elementor-widget elementor-widget-heading\" data-id=\"5aa4a8d\" data-element_type=\"widget\" data-e-type=\"widget\" data-widget_type=\"heading.default\">\n\t\t\t\t<div class=\"elementor-widget-container\">\n\t\t\t\t\t<h2 class=\"elementor-heading-title elementor-size-default\">5. Privacy policy<\/h2>\t\t\t\t<\/div>\n\t\t\t\t<\/div>\n\t\t\t\t<div class=\"elementor-element elementor-element-2b05d0a elementor-widget elementor-widget-text-editor\" data-id=\"2b05d0a\" data-element_type=\"widget\" data-e-type=\"widget\" data-widget_type=\"text-editor.default\">\n\t\t\t\t<div class=\"elementor-widget-container\">\n\t\t\t\t\t\t\t\t\t<p>We invite you to consult our Privacy Policy, which is available on our website and at<br \/>platform.<\/p>\t\t\t\t\t\t\t\t<\/div>\n\t\t\t\t<\/div>\n\t\t\t\t\t<\/div>\n\t\t\t\t<\/div>\n\t\t<div class=\"elementor-element elementor-element-5181c5d e-flex e-con-boxed e-con e-parent\" data-id=\"5181c5d\" data-element_type=\"container\" data-e-type=\"container\">\n\t\t\t\t\t<div class=\"e-con-inner\">\n\t\t\t\t<div class=\"elementor-element elementor-element-848ec68 elementor-widget elementor-widget-heading\" data-id=\"848ec68\" data-element_type=\"widget\" data-e-type=\"widget\" data-widget_type=\"heading.default\">\n\t\t\t\t<div class=\"elementor-widget-container\">\n\t\t\t\t\t<h2 class=\"elementor-heading-title elementor-size-default\">6. Contact<\/h2>\t\t\t\t<\/div>\n\t\t\t\t<\/div>\n\t\t\t\t<div class=\"elementor-element elementor-element-ded0e41 elementor-widget elementor-widget-text-editor\" data-id=\"ded0e41\" data-element_type=\"widget\" data-e-type=\"widget\" data-widget_type=\"text-editor.default\">\n\t\t\t\t<div class=\"elementor-widget-container\">\n\t\t\t\t\t\t\t\t\t<p>If, after reading this document, you still have any questions and\/or comments regarding the use of cookies, please do not hesitate to contact us by e-mail at info@stepchange.be.<\/p>\t\t\t\t\t\t\t\t<\/div>\n\t\t\t\t<\/div>\n\t\t\t\t\t<\/div>\n\t\t\t\t<\/div>\n\t\t\t\t<\/div>","protected":false},"excerpt":{"rendered":"<p>POLITIQUE DES COOKIES 1. Qu\u2019est-ce qu\u2019un cookie ? Un cookie est un petit ficher texte plac\u00e9 sur le disque dur de votre ordinateur ou de votre appareil mobile lorsque vous visitez un site internet. Le cookie est d\u00e9pos\u00e9 sur votre appareil par le site internet. Le cookie reconna\u00eet votre appareil lorsque vous revenez sur le [&hellip;]<\/p>\n","protected":false},"author":1,"featured_media":0,"parent":0,"menu_order":0,"comment_status":"closed","ping_status":"closed","template":"","meta":{"_acf_changed":false,"footnotes":""},"class_list":["post-546","page","type-page","status-publish","hentry"],"acf":[],"yoast_head":"<!-- This site is optimized with the Yoast SEO plugin v27.5 - https:\/\/yoast.com\/product\/yoast-seo-wordpress\/ -->\n<title>Cookie Policy - StepChange - Your Privacy and Security<\/title>\n<meta name=\"description\" content=\"Read StepChange&#039;s Cookie Policy to understand how we use cookies to enhance your online experience and protect your privacy\" \/>\n<meta name=\"robots\" content=\"index, follow, max-snippet:-1, max-image-preview:large, max-video-preview:-1\" \/>\n<link rel=\"canonical\" href=\"https:\/\/stepchange.be\/en\/politique-des-cookies\/\" \/>\n<meta property=\"og:locale\" content=\"en_GB\" \/>\n<meta property=\"og:type\" content=\"article\" \/>\n<meta property=\"og:title\" content=\"Cookie Policy - StepChange - Your Privacy and Security\" \/>\n<meta property=\"og:description\" content=\"Read StepChange&#039;s Cookie Policy to understand how we use cookies to enhance your online experience and protect your privacy\" \/>\n<meta property=\"og:url\" content=\"https:\/\/stepchange.be\/en\/politique-des-cookies\/\" \/>\n<meta property=\"og:site_name\" content=\"StepChange\" \/>\n<meta property=\"article:modified_time\" content=\"2025-12-10T07:21:41+00:00\" \/>\n<meta name=\"twitter:card\" content=\"summary_large_image\" \/>\n<meta name=\"twitter:label1\" content=\"Estimated reading time\" \/>\n\t<meta name=\"twitter:data1\" content=\"3 minutes\" \/>\n<script type=\"application\/ld+json\" class=\"yoast-schema-graph\">{\"@context\":\"https:\\\/\\\/schema.org\",\"@graph\":[{\"@type\":\"WebPage\",\"@id\":\"https:\\\/\\\/stepchange.be\\\/politique-des-cookies\\\/\",\"url\":\"https:\\\/\\\/stepchange.be\\\/politique-des-cookies\\\/\",\"name\":\"Cookie Policy - StepChange - Your Privacy and Security\",\"isPartOf\":{\"@id\":\"https:\\\/\\\/stepchange.be\\\/#website\"},\"datePublished\":\"2025-01-09T16:19:54+00:00\",\"dateModified\":\"2025-12-10T07:21:41+00:00\",\"description\":\"Read StepChange's Cookie Policy to understand how we use cookies to enhance your online experience and protect your privacy\",\"breadcrumb\":{\"@id\":\"https:\\\/\\\/stepchange.be\\\/politique-des-cookies\\\/#breadcrumb\"},\"inLanguage\":\"en-GB\",\"potentialAction\":[{\"@type\":\"ReadAction\",\"target\":[\"https:\\\/\\\/stepchange.be\\\/politique-des-cookies\\\/\"]}]},{\"@type\":\"BreadcrumbList\",\"@id\":\"https:\\\/\\\/stepchange.be\\\/politique-des-cookies\\\/#breadcrumb\",\"itemListElement\":[{\"@type\":\"ListItem\",\"position\":1,\"name\":\"Accueil\",\"item\":\"https:\\\/\\\/stepchange.be\\\/\"},{\"@type\":\"ListItem\",\"position\":2,\"name\":\"POLITIQUE DES COOKIES\"}]},{\"@type\":\"WebSite\",\"@id\":\"https:\\\/\\\/stepchange.be\\\/#website\",\"url\":\"https:\\\/\\\/stepchange.be\\\/\",\"name\":\"StepChange\",\"description\":\"\",\"publisher\":{\"@id\":\"https:\\\/\\\/stepchange.be\\\/#organization\"},\"potentialAction\":[{\"@type\":\"SearchAction\",\"target\":{\"@type\":\"EntryPoint\",\"urlTemplate\":\"https:\\\/\\\/stepchange.be\\\/?s={search_term_string}\"},\"query-input\":{\"@type\":\"PropertyValueSpecification\",\"valueRequired\":true,\"valueName\":\"search_term_string\"}}],\"inLanguage\":\"en-GB\"},{\"@type\":\"Organization\",\"@id\":\"https:\\\/\\\/stepchange.be\\\/#organization\",\"name\":\"StepChange\",\"url\":\"https:\\\/\\\/stepchange.be\\\/\",\"logo\":{\"@type\":\"ImageObject\",\"inLanguage\":\"en-GB\",\"@id\":\"https:\\\/\\\/stepchange.be\\\/#\\\/schema\\\/logo\\\/image\\\/\",\"url\":\"https:\\\/\\\/stepchange.be\\\/wp-content\\\/uploads\\\/2025\\\/01\\\/cropped-Logo_Stepchange_couleurs.png\",\"contentUrl\":\"https:\\\/\\\/stepchange.be\\\/wp-content\\\/uploads\\\/2025\\\/01\\\/cropped-Logo_Stepchange_couleurs.png\",\"width\":2048,\"height\":476,\"caption\":\"StepChange\"},\"image\":{\"@id\":\"https:\\\/\\\/stepchange.be\\\/#\\\/schema\\\/logo\\\/image\\\/\"}}]}<\/script>\n<!-- \/ Yoast SEO plugin. -->","yoast_head_json":{"title":"Cookie Policy - StepChange - Your Privacy and Security","description":"Read StepChange's Cookie Policy to understand how we use cookies to enhance your online experience and protect your privacy","robots":{"index":"index","follow":"follow","max-snippet":"max-snippet:-1","max-image-preview":"max-image-preview:large","max-video-preview":"max-video-preview:-1"},"canonical":"https:\/\/stepchange.be\/en\/politique-des-cookies\/","og_locale":"en_GB","og_type":"article","og_title":"Cookie Policy - StepChange - Your Privacy and Security","og_description":"Read StepChange's Cookie Policy to understand how we use cookies to enhance your online experience and protect your privacy","og_url":"https:\/\/stepchange.be\/en\/politique-des-cookies\/","og_site_name":"StepChange","article_modified_time":"2025-12-10T07:21:41+00:00","twitter_card":"summary_large_image","twitter_misc":{"Estimated reading time":"3 minutes"},"schema":{"@context":"https:\/\/schema.org","@graph":[{"@type":"WebPage","@id":"https:\/\/stepchange.be\/politique-des-cookies\/","url":"https:\/\/stepchange.be\/politique-des-cookies\/","name":"Cookie Policy - StepChange - Your Privacy and Security","isPartOf":{"@id":"https:\/\/stepchange.be\/#website"},"datePublished":"2025-01-09T16:19:54+00:00","dateModified":"2025-12-10T07:21:41+00:00","description":"Read StepChange's Cookie Policy to understand how we use cookies to enhance your online experience and protect your privacy","breadcrumb":{"@id":"https:\/\/stepchange.be\/politique-des-cookies\/#breadcrumb"},"inLanguage":"en-GB","potentialAction":[{"@type":"ReadAction","target":["https:\/\/stepchange.be\/politique-des-cookies\/"]}]},{"@type":"BreadcrumbList","@id":"https:\/\/stepchange.be\/politique-des-cookies\/#breadcrumb","itemListElement":[{"@type":"ListItem","position":1,"name":"Accueil","item":"https:\/\/stepchange.be\/"},{"@type":"ListItem","position":2,"name":"POLITIQUE DES COOKIES"}]},{"@type":"WebSite","@id":"https:\/\/stepchange.be\/#website","url":"https:\/\/stepchange.be\/","name":"StepChange","description":"","publisher":{"@id":"https:\/\/stepchange.be\/#organization"},"potentialAction":[{"@type":"SearchAction","target":{"@type":"EntryPoint","urlTemplate":"https:\/\/stepchange.be\/?s={search_term_string}"},"query-input":{"@type":"PropertyValueSpecification","valueRequired":true,"valueName":"search_term_string"}}],"inLanguage":"en-GB"},{"@type":"Organization","@id":"https:\/\/stepchange.be\/#organization","name":"StepChange","url":"https:\/\/stepchange.be\/","logo":{"@type":"ImageObject","inLanguage":"en-GB","@id":"https:\/\/stepchange.be\/#\/schema\/logo\/image\/","url":"https:\/\/stepchange.be\/wp-content\/uploads\/2025\/01\/cropped-Logo_Stepchange_couleurs.png","contentUrl":"https:\/\/stepchange.be\/wp-content\/uploads\/2025\/01\/cropped-Logo_Stepchange_couleurs.png","width":2048,"height":476,"caption":"StepChange"},"image":{"@id":"https:\/\/stepchange.be\/#\/schema\/logo\/image\/"}}]}},"_links":{"self":[{"href":"https:\/\/stepchange.be\/en\/wp-json\/wp\/v2\/pages\/546","targetHints":{"allow":["GET"]}}],"collection":[{"href":"https:\/\/stepchange.be\/en\/wp-json\/wp\/v2\/pages"}],"about":[{"href":"https:\/\/stepchange.be\/en\/wp-json\/wp\/v2\/types\/page"}],"author":[{"embeddable":true,"href":"https:\/\/stepchange.be\/en\/wp-json\/wp\/v2\/users\/1"}],"replies":[{"embeddable":true,"href":"https:\/\/stepchange.be\/en\/wp-json\/wp\/v2\/comments?post=546"}],"version-history":[{"count":11,"href":"https:\/\/stepchange.be\/en\/wp-json\/wp\/v2\/pages\/546\/revisions"}],"predecessor-version":[{"id":668,"href":"https:\/\/stepchange.be\/en\/wp-json\/wp\/v2\/pages\/546\/revisions\/668"}],"wp:attachment":[{"href":"https:\/\/stepchange.be\/en\/wp-json\/wp\/v2\/media?parent=546"}],"curies":[{"name":"wp","href":"https:\/\/api.w.org\/{rel}","templated":true}]}}